{"id":64,"date":"2019-05-16T05:42:52","date_gmt":"2019-05-16T03:42:52","guid":{"rendered":"http:\/\/willanadmorska.pl\/?page_id=64"},"modified":"2019-05-16T05:55:22","modified_gmt":"2019-05-16T03:55:22","slug":"rezerwacje","status":"publish","type":"page","link":"https:\/\/willanadmorska.pl\/index.php\/rezerwacje\/","title":{"rendered":"Rezerwacje"},"content":{"rendered":"\n<table class=\"wp-block-table\"><tbody><tr><td>Warunkiem dokonania rezerwacji jest wp\u0142ata ustalonego zadatku na numer konta :<br>Joanna Rosada<br>84-105 Karwia<br><strong><em>63 1240 5367 1111 0000 5362 8169<\/em><\/strong><br>Tytu\u0142 : Imi\u0119, nazwisko oraz termin rezerwacji.<br><br><\/td><\/tr><\/tbody><\/table>\n","protected":false},"excerpt":{"rendered":"<p>Warunkiem dokonania rezerwacji jest wp\u0142ata ustalonego zadatku na numer konta :Joanna Rosada84-105 Karwia63 1240 5367 1111 0000 5362 8169Tytu\u0142 : Imi\u0119, nazwisko oraz termin rezerwacji.<\/p>\n","protected":false},"author":1,"featured_media":28,"parent":0,"menu_order":0,"comment_status":"closed","ping_status":"closed","template":"","meta":{"footnotes":""},"_links":{"self":[{"href":"https:\/\/willanadmorska.pl\/index.php\/wp-json\/wp\/v2\/pages\/64"}],"collection":[{"href":"https:\/\/willanadmorska.pl\/index.php\/wp-json\/wp\/v2\/pages"}],"about":[{"href":"https:\/\/willanadmorska.pl\/index.php\/wp-json\/wp\/v2\/types\/page"}],"author":[{"embeddable":true,"href":"https:\/\/willanadmorska.pl\/index.php\/wp-json\/wp\/v2\/users\/1"}],"replies":[{"embeddable":true,"href":"https:\/\/willanadmorska.pl\/index.php\/wp-json\/wp\/v2\/comments?post=64"}],"version-history":[{"count":3,"href":"https:\/\/willanadmorska.pl\/index.php\/wp-json\/wp\/v2\/pages\/64\/revisions"}],"predecessor-version":[{"id":69,"href":"https:\/\/willanadmorska.pl\/index.php\/wp-json\/wp\/v2\/pages\/64\/revisions\/69"}],"wp:featuredmedia":[{"embeddable":true,"href":"https:\/\/willanadmorska.pl\/index.php\/wp-json\/wp\/v2\/media\/28"}],"wp:attachment":[{"href":"https:\/\/willanadmorska.pl\/index.php\/wp-json\/wp\/v2\/media?parent=64"}],"curies":[{"name":"wp","href":"https:\/\/api.w.org\/{rel}","templated":true}]}}